{"id":6101,"date":"2026-02-20T19:48:34","date_gmt":"2026-02-20T19:48:34","guid":{"rendered":"https:\/\/fairwaylegends.shop\/?post_type=product&#038;p=6101"},"modified":"2026-03-30T03:59:52","modified_gmt":"2026-03-30T03:59:52","slug":"birdie-mint-copia","status":"publish","type":"product","link":"https:\/\/fairwaylegends.shop\/en\/product\/birdie-mint-copia\/","title":{"rendered":"Birdie | Green"},"content":{"rendered":"<p data-start=\"191\" data-end=\"219\"><strong>Disponible en edici\u00f3n Green.<\/strong><\/p>\n<p data-start=\"221\" data-end=\"397\"><em>Gorra ligera y transpirable dise\u00f1ada para acompa\u00f1arte dentro y fuera del campo.<\/em><br data-start=\"300\" data-end=\"303\" \/><em>Paneles perforados que mejoran la ventilaci\u00f3n y mantienen la frescura durante toda la ronda.<\/em><\/p>\n<p data-start=\"399\" data-end=\"565\"><em>Ajuste c\u00f3modo y estructura firme que mantiene su forma hoyo tras hoyo.<\/em><\/p>","protected":false},"excerpt":{"rendered":"<p>Disponible en edici\u00f3n Green. Gorra ligera y transpirable dise\u00f1ada para acompa\u00f1arte dentro y fuera del campo.Paneles perforados que mejoran la ventilaci\u00f3n y mantienen la frescura durante toda la ronda. Ajuste c\u00f3modo y estructura firme que mantiene su forma hoyo tras hoyo.<\/p>","protected":false},"featured_media":6102,"comment_status":"open","ping_status":"closed","template":"","meta":{"site-sidebar-layout":"default","site-content-layout":"","ast-site-content-layout":"default","site-content-style":"default","site-sidebar-style":"default","ast-global-header-display":"","ast-banner-title-visibility":"","ast-main-header-display":"","ast-hfb-above-header-display":"","ast-hfb-below-header-display":"","ast-hfb-mobile-header-display":"","site-post-title":"","ast-breadcrumbs-content":"","ast-featured-img":"","footer-sml-layout":"","ast-disable-related-posts":"","theme-transparent-header-meta":"default","adv-header-id-meta":"","stick-header-meta":"","header-above-stick-meta":"","header-main-stick-meta":"","header-below-stick-meta":"","astra-migrate-meta-layouts":"set","ast-page-background-enabled":"default","ast-page-background-meta":{"desktop":{"background-color":"","background-image":"","background-repeat":"repeat","background-position":"center center","background-size":"auto","background-attachment":"scroll","background-type":"","background-media":"","overlay-type":"","overlay-color":"","overlay-opacity":"","overlay-gradient":""},"tablet":{"background-color":"","background-image":"","background-repeat":"repeat","background-position":"center center","background-size":"auto","background-attachment":"scroll","background-type":"","background-media":"","overlay-type":"","overlay-color":"","overlay-opacity":"","overlay-gradient":""},"mobile":{"background-color":"","background-image":"","background-repeat":"repeat","background-position":"center center","background-size":"auto","background-attachment":"scroll","background-type":"","background-media":"","overlay-type":"","overlay-color":"","overlay-opacity":"","overlay-gradient":""}},"ast-content-background-meta":{"desktop":{"background-color":"var(--ast-global-color-5)","background-image":"","background-repeat":"repeat","background-position":"center center","background-size":"auto","background-attachment":"scroll","background-type":"","background-media":"","overlay-type":"","overlay-color":"","overlay-opacity":"","overlay-gradient":""},"tablet":{"background-color":"var(--ast-global-color-5)","background-image":"","background-repeat":"repeat","background-position":"center center","background-size":"auto","background-attachment":"scroll","background-type":"","background-media":"","overlay-type":"","overlay-color":"","overlay-opacity":"","overlay-gradient":""},"mobile":{"background-color":"var(--ast-global-color-5)","background-image":"","background-repeat":"repeat","background-position":"center center","background-size":"auto","background-attachment":"scroll","background-type":"","background-media":"","overlay-type":"","overlay-color":"","overlay-opacity":"","overlay-gradient":""}},"_joinchat":[]},"product_brand":[],"product_cat":[42],"product_tag":[],"class_list":{"0":"post-6101","1":"product","2":"type-product","3":"status-publish","4":"has-post-thumbnail","6":"product_cat-gorras","7":"desktop-align-left","8":"tablet-align-center","9":"mobile-align-center","11":"first","12":"instock","13":"shipping-taxable","14":"purchasable","15":"product-type-simple"},"_links":{"self":[{"href":"https:\/\/fairwaylegends.shop\/en\/wp-json\/wp\/v2\/product\/6101","targetHints":{"allow":["GET"]}}],"collection":[{"href":"https:\/\/fairwaylegends.shop\/en\/wp-json\/wp\/v2\/product"}],"about":[{"href":"https:\/\/fairwaylegends.shop\/en\/wp-json\/wp\/v2\/types\/product"}],"replies":[{"embeddable":true,"href":"https:\/\/fairwaylegends.shop\/en\/wp-json\/wp\/v2\/comments?post=6101"}],"wp:featuredmedia":[{"embeddable":true,"href":"https:\/\/fairwaylegends.shop\/en\/wp-json\/wp\/v2\/media\/6102"}],"wp:attachment":[{"href":"https:\/\/fairwaylegends.shop\/en\/wp-json\/wp\/v2\/media?parent=6101"}],"wp:term":[{"taxonomy":"product_brand","embeddable":true,"href":"https:\/\/fairwaylegends.shop\/en\/wp-json\/wp\/v2\/product_brand?post=6101"},{"taxonomy":"product_cat","embeddable":true,"href":"https:\/\/fairwaylegends.shop\/en\/wp-json\/wp\/v2\/product_cat?post=6101"},{"taxonomy":"product_tag","embeddable":true,"href":"https:\/\/fairwaylegends.shop\/en\/wp-json\/wp\/v2\/product_tag?post=6101"}],"curies":[{"name":"wp","href":"https:\/\/api.w.org\/{rel}","templated":true}]}}