{"id":6093,"date":"2026-02-20T19:46:28","date_gmt":"2026-02-20T19:46:28","guid":{"rendered":"https:\/\/fairwaylegends.shop\/?post_type=product&#038;p=6093"},"modified":"2026-03-30T03:59:52","modified_gmt":"2026-03-30T03:59:52","slug":"birdie-mint","status":"publish","type":"product","link":"https:\/\/fairwaylegends.shop\/en\/product\/birdie-mint\/","title":{"rendered":"Birdie | Mint"},"content":{"rendered":"<p data-start=\"126\" data-end=\"153\"><strong>Disponible en versi\u00f3n Mint.<\/strong><\/p>\n<p data-start=\"155\" data-end=\"355\"><em>Dise\u00f1o limpio con detalles en tono mint que elevan cualquier outfit dentro y fuera del campo.<\/em><br data-start=\"248\" data-end=\"251\" \/><em>Paneles laterales perforados que mejoran la ventilaci\u00f3n y mantienen la frescura durante toda la ronda.<\/em><\/p>\n<p data-start=\"357\" data-end=\"507\"><em>Estructura firme, ajuste c\u00f3modo y construcci\u00f3n ligera para acompa\u00f1arte desde el tee hasta el hoyo 18.<\/em><\/p>","protected":false},"excerpt":{"rendered":"<p>Disponible en versi\u00f3n Mint. Dise\u00f1o limpio con detalles en tono mint que elevan cualquier outfit dentro y fuera del campo.Paneles laterales perforados que mejoran la ventilaci\u00f3n y mantienen la frescura durante toda la ronda. Estructura firme, ajuste c\u00f3modo y construcci\u00f3n ligera para acompa\u00f1arte desde el tee hasta el hoyo 18.<\/p>","protected":false},"featured_media":6100,"comment_status":"open","ping_status":"closed","template":"","meta":{"site-sidebar-layout":"default","site-content-layout":"","ast-site-content-layout":"default","site-content-style":"default","site-sidebar-style":"default","ast-global-header-display":"","ast-banner-title-visibility":"","ast-main-header-display":"","ast-hfb-above-header-display":"","ast-hfb-below-header-display":"","ast-hfb-mobile-header-display":"","site-post-title":"","ast-breadcrumbs-content":"","ast-featured-img":"","footer-sml-layout":"","ast-disable-related-posts":"","theme-transparent-header-meta":"default","adv-header-id-meta":"","stick-header-meta":"","header-above-stick-meta":"","header-main-stick-meta":"","header-below-stick-meta":"","astra-migrate-meta-layouts":"set","ast-page-background-enabled":"default","ast-page-background-meta":{"desktop":{"background-color":"","background-image":"","background-repeat":"repeat","background-position":"center center","background-size":"auto","background-attachment":"scroll","background-type":"","background-media":"","overlay-type":"","overlay-color":"","overlay-opacity":"","overlay-gradient":""},"tablet":{"background-color":"","background-image":"","background-repeat":"repeat","background-position":"center center","background-size":"auto","background-attachment":"scroll","background-type":"","background-media":"","overlay-type":"","overlay-color":"","overlay-opacity":"","overlay-gradient":""},"mobile":{"background-color":"","background-image":"","background-repeat":"repeat","background-position":"center center","background-size":"auto","background-attachment":"scroll","background-type":"","background-media":"","overlay-type":"","overlay-color":"","overlay-opacity":"","overlay-gradient":""}},"ast-content-background-meta":{"desktop":{"background-color":"var(--ast-global-color-5)","background-image":"","background-repeat":"repeat","background-position":"center center","background-size":"auto","background-attachment":"scroll","background-type":"","background-media":"","overlay-type":"","overlay-color":"","overlay-opacity":"","overlay-gradient":""},"tablet":{"background-color":"var(--ast-global-color-5)","background-image":"","background-repeat":"repeat","background-position":"center center","background-size":"auto","background-attachment":"scroll","background-type":"","background-media":"","overlay-type":"","overlay-color":"","overlay-opacity":"","overlay-gradient":""},"mobile":{"background-color":"var(--ast-global-color-5)","background-image":"","background-repeat":"repeat","background-position":"center center","background-size":"auto","background-attachment":"scroll","background-type":"","background-media":"","overlay-type":"","overlay-color":"","overlay-opacity":"","overlay-gradient":""}},"_joinchat":[]},"product_brand":[],"product_cat":[42],"product_tag":[],"class_list":{"0":"post-6093","1":"product","2":"type-product","3":"status-publish","4":"has-post-thumbnail","6":"product_cat-gorras","7":"desktop-align-left","8":"tablet-align-center","9":"mobile-align-center","11":"first","12":"instock","13":"shipping-taxable","14":"purchasable","15":"product-type-simple"},"_links":{"self":[{"href":"https:\/\/fairwaylegends.shop\/en\/wp-json\/wp\/v2\/product\/6093","targetHints":{"allow":["GET"]}}],"collection":[{"href":"https:\/\/fairwaylegends.shop\/en\/wp-json\/wp\/v2\/product"}],"about":[{"href":"https:\/\/fairwaylegends.shop\/en\/wp-json\/wp\/v2\/types\/product"}],"replies":[{"embeddable":true,"href":"https:\/\/fairwaylegends.shop\/en\/wp-json\/wp\/v2\/comments?post=6093"}],"wp:featuredmedia":[{"embeddable":true,"href":"https:\/\/fairwaylegends.shop\/en\/wp-json\/wp\/v2\/media\/6100"}],"wp:attachment":[{"href":"https:\/\/fairwaylegends.shop\/en\/wp-json\/wp\/v2\/media?parent=6093"}],"wp:term":[{"taxonomy":"product_brand","embeddable":true,"href":"https:\/\/fairwaylegends.shop\/en\/wp-json\/wp\/v2\/product_brand?post=6093"},{"taxonomy":"product_cat","embeddable":true,"href":"https:\/\/fairwaylegends.shop\/en\/wp-json\/wp\/v2\/product_cat?post=6093"},{"taxonomy":"product_tag","embeddable":true,"href":"https:\/\/fairwaylegends.shop\/en\/wp-json\/wp\/v2\/product_tag?post=6093"}],"curies":[{"name":"wp","href":"https:\/\/api.w.org\/{rel}","templated":true}]}}