{"id":5882,"date":"2024-05-14T03:21:59","date_gmt":"2024-05-14T03:21:59","guid":{"rendered":"https:\/\/fairwaylegends.shop\/?page_id=5882"},"modified":"2024-05-14T03:28:46","modified_gmt":"2024-05-14T03:28:46","slug":"terminos-y-condiciones","status":"publish","type":"page","link":"https:\/\/fairwaylegends.shop\/en\/terminos-y-condiciones\/","title":{"rendered":"Terms And Conditions"},"content":{"rendered":"<div data-elementor-type=\"wp-page\" data-elementor-id=\"5882\" class=\"elementor elementor-5882\" data-elementor-post-type=\"page\">\n\t\t\t\t<div class=\"elementor-element elementor-element-6dc2a369 e-flex e-con-boxed e-con e-parent\" data-id=\"6dc2a369\" data-element_type=\"container\" data-e-type=\"container\">\n\t\t\t\t\t<div class=\"e-con-inner\">\n\t\t\t\t<div class=\"elementor-element elementor-element-4abef6a3 elementor-widget elementor-widget-text-editor\" data-id=\"4abef6a3\" data-element_type=\"widget\" data-e-type=\"widget\" data-widget_type=\"text-editor.default\">\n\t\t\t\t<div class=\"elementor-widget-container\">\n\t\t\t\t\t\t\t\t\t<p><\/p>\n<div data-id=\"6e4e47a\" data-element_type=\"widget\" data-widget_type=\"heading.default\">\n<p><strong>T\u00e9rminos y Condiciones de Fairwaylegends.shop<\/strong><\/p>\n<p>Por favor, lee detenidamente estos T\u00e9rminos y Condiciones (\u00abT&amp;C\u00bb) antes de utilizar Fairwaylegends.shop (el \u00abSitio\u00bb) operado por Fairway Legends (\u00abNosotros\u00bb, \u00abNos\u00bb o \u00abNuestra\u00bb). Este acuerdo establece los t\u00e9rminos y condiciones legalmente vinculantes para el uso del Sitio.<\/p>\n<p><strong>1. Aceptaci\u00f3n de los T\u00e9rminos<\/strong><\/p>\n<p>Al acceder y utilizar el Sitio, aceptas estar sujeto a estos T&amp;C y a todas las leyes y regulaciones aplicables. Si no est\u00e1s de acuerdo con alguno de estos t\u00e9rminos, favor de no usar el Sitio Web Fairwaylegends.shop.<\/p>\n<p><strong>2. Uso del Sitio<\/strong><\/p>\n<p>2.1. El contenido del Sitio est\u00e1 destinado \u00fanicamente para fines informativos y de compra. No puedes modificar, copiar, distribuir, transmitir, mostrar, ejecutar, reproducir, publicar, otorgar licencias, crear trabajos derivados de, transferir o vender ning\u00fan contenido, informaci\u00f3n, software, productos o servicios obtenidos de este Sitio.<\/p>\n<p>2.2. Te comprometes a no utilizar el Sitio con fines ilegales o no autorizados.<\/p>\n<p><strong>3. Compras<\/strong><\/p>\n<p>3.1. Al realizar una compra a trav\u00e9s del Sitio, declaras que est\u00e1s haciendo la compra de manera consiente y voluntaria.<\/p>\n<p>3.2. Todos los precios de los productos est\u00e1n en pesos mexicanos y est\u00e1n sujetos a cambios sin previo aviso.<\/p>\n<p>3.3. Nos reservamos el derecho de rechazar o cancelar cualquier pedido por cualquier motivo, en cualquier momento.<\/p>\n<p>3.4. Las descripciones de los productos est\u00e1n sujetas a cambios sin previo aviso y pueden variar ligeramente de las im\u00e1genes mostradas en el Sitio.<\/p>\n<p><strong>4. Pagos<\/strong><\/p>\n<p>4.1. Aceptamos pagos a trav\u00e9s de tarjetas de cr\u00e9dito, d\u00e9bito y transferencias interbancarias. Al proporcionar detalles de pago, confirmas que tienes derecho a utilizar el m\u00e9todo de pago elegido.<\/p>\n<p>4.2. Todos los detalles de pago proporcionados son seguros y est\u00e1n protegidos de acuerdo con nuestra <a href=\"https:\/\/fairwaylegends.shop\/en\/politica-de-privacidad\/\">Pol\u00edtica de Privacidad.<\/a><\/p>\n<p><strong>5. Env\u00edos<\/strong><\/p>\n<p>5.1. Nos esforzamos por procesar y enviar los pedidos dentro del plazo especificado en el Sitio. Sin embargo, no garantizamos plazos de entrega y no seremos responsables de ning\u00fan retraso en la entrega.<\/p>\n<p>5.2. Los gastos de env\u00edo se calcular\u00e1n al finalizar la compra y se sumar\u00e1n al total del pedido.<\/p>\n<p><strong>6. Devoluciones y Reembolsos<\/strong><\/p>\n<p>6.1. Para informaci\u00f3n detallada sobre nuestra pol\u00edtica de devoluciones y reembolsos, consulta nuestra p\u00e1gina de <a href=\"https:\/\/fairwaylegends.shop\/en\/politica-de-envios\/\">Pol\u00edtica de Devoluciones.<\/a><\/p>\n<p>6.2. Nos reservamos el derecho de rechazar cualquier devoluci\u00f3n si consideramos que el producto ha sido utilizado o da\u00f1ado despu\u00e9s de la entrega.<\/p>\n<p><strong>7. Propiedad Intelectual<\/strong><\/p>\n<p>7.1. Todo el contenido del Sitio, incluidos textos, gr\u00e1ficos, logotipos, im\u00e1genes y software, est\u00e1 protegido por derechos de autor y otros derechos de propiedad intelectual.<\/p>\n<p>7.2. No puedes reproducir, distribuir, modificar, mostrar, realizar p\u00fablicamente, crear trabajos derivados, transmitir o utilizar de ninguna manera el contenido del Sitio sin nuestro consentimiento previo por escrito.<\/p>\n<p><b>8. Modificaciones<\/b><\/p>\n<p>Nos reservamos el derecho de modificar estos T&amp;C en cualquier momento. Las modificaciones entrar\u00e1n en vigencia inmediatamente despu\u00e9s de su publicaci\u00f3n en el Sitio. Al continuar utilizando el Sitio despu\u00e9s de dichas modificaciones, aceptas los T&amp;C modificados.<\/p>\n<p><strong>9. Ley Aplicable<\/strong><\/p>\n<p>Estos T&amp;C se regir\u00e1n e interpretar\u00e1n de acuerdo con las leyes de M\u00e9xico. Cualquier disputa relacionada con estos t\u00e9rminos y condiciones estar\u00e1 sujeta a la jurisdicci\u00f3n exclusiva de los tribunales.<\/p>\n<p><strong>10. Contacto<\/strong><\/p>\n<p>Si tienes alguna pregunta sobre estos T&amp;C, cont\u00e1ctanos en <span style=\"font-size: 16px;\">fairwaylegends23@gmail.com<\/span><\/p>\n<p>Al utilizar el Sitio, aceptas estos T&amp;C en su totalidad. Si no est\u00e1s de acuerdo con estos T&amp;C, por favor, no utilices el Sitio.<\/p>\n<p>\u00daltima actualizaci\u00f3n: 2 de Mayo del 2024<\/p>\n<\/div>\t\t\t\t\t\t\t\t<\/div>\n\t\t\t\t<\/div>\n\t\t\t\t\t<\/div>\n\t\t\t\t<\/div>\n\t\t\t\t<\/div>","protected":false},"excerpt":{"rendered":"<p>T\u00e9rminos y Condiciones de Fairwaylegends.shop Por favor, lee detenidamente estos T\u00e9rminos y Condiciones (\u00abT&amp;C\u00bb) antes de utilizar Fairwaylegends.shop (el \u00abSitio\u00bb) operado por Fairway Legends (\u00abNosotros\u00bb, \u00abNos\u00bb o \u00abNuestra\u00bb). Este acuerdo establece los t\u00e9rminos y condiciones legalmente vinculantes para el uso del Sitio. 1. Aceptaci\u00f3n de los T\u00e9rminos Al acceder y utilizar el Sitio, aceptas estar [&hellip;]<\/p>\n","protected":false},"author":1,"featured_media":0,"parent":0,"menu_order":0,"comment_status":"closed","ping_status":"closed","template":"","meta":{"site-sidebar-layout":"default","site-content-layout":"","ast-site-content-layout":"default","site-content-style":"default","site-sidebar-style":"default","ast-global-header-display":"","ast-banner-title-visibility":"","ast-main-header-display":"","ast-hfb-above-header-display":"","ast-hfb-below-header-display":"","ast-hfb-mobile-header-display":"","site-post-title":"","ast-breadcrumbs-content":"","ast-featured-img":"","footer-sml-layout":"","ast-disable-related-posts":"","theme-transparent-header-meta":"","adv-header-id-meta":"","stick-header-meta":"","header-above-stick-meta":"","header-main-stick-meta":"","header-below-stick-meta":"","astra-migrate-meta-layouts":"default","ast-page-background-enabled":"default","ast-page-background-meta":{"desktop":{"background-color":"","background-image":"","background-repeat":"repeat","background-position":"center center","background-size":"auto","background-attachment":"scroll","background-type":"","background-media":"","overlay-type":"","overlay-color":"","overlay-opacity":"","overlay-gradient":""},"tablet":{"background-color":"","background-image":"","background-repeat":"repeat","background-position":"center center","background-size":"auto","background-attachment":"scroll","background-type":"","background-media":"","overlay-type":"","overlay-color":"","overlay-opacity":"","overlay-gradient":""},"mobile":{"background-color":"","background-image":"","background-repeat":"repeat","background-position":"center center","background-size":"auto","background-attachment":"scroll","background-type":"","background-media":"","overlay-type":"","overlay-color":"","overlay-opacity":"","overlay-gradient":""}},"ast-content-background-meta":{"desktop":{"background-color":"var(--ast-global-color-5)","background-image":"","background-repeat":"repeat","background-position":"center center","background-size":"auto","background-attachment":"scroll","background-type":"","background-media":"","overlay-type":"","overlay-color":"","overlay-opacity":"","overlay-gradient":""},"tablet":{"background-color":"var(--ast-global-color-5)","background-image":"","background-repeat":"repeat","background-position":"center center","background-size":"auto","background-attachment":"scroll","background-type":"","background-media":"","overlay-type":"","overlay-color":"","overlay-opacity":"","overlay-gradient":""},"mobile":{"background-color":"var(--ast-global-color-5)","background-image":"","background-repeat":"repeat","background-position":"center center","background-size":"auto","background-attachment":"scroll","background-type":"","background-media":"","overlay-type":"","overlay-color":"","overlay-opacity":"","overlay-gradient":""}},"_joinchat":[],"footnotes":""},"class_list":["post-5882","page","type-page","status-publish","hentry"],"_links":{"self":[{"href":"https:\/\/fairwaylegends.shop\/en\/wp-json\/wp\/v2\/pages\/5882","targetHints":{"allow":["GET"]}}],"collection":[{"href":"https:\/\/fairwaylegends.shop\/en\/wp-json\/wp\/v2\/pages"}],"about":[{"href":"https:\/\/fairwaylegends.shop\/en\/wp-json\/wp\/v2\/types\/page"}],"author":[{"embeddable":true,"href":"https:\/\/fairwaylegends.shop\/en\/wp-json\/wp\/v2\/users\/1"}],"replies":[{"embeddable":true,"href":"https:\/\/fairwaylegends.shop\/en\/wp-json\/wp\/v2\/comments?post=5882"}],"version-history":[{"count":5,"href":"https:\/\/fairwaylegends.shop\/en\/wp-json\/wp\/v2\/pages\/5882\/revisions"}],"predecessor-version":[{"id":5887,"href":"https:\/\/fairwaylegends.shop\/en\/wp-json\/wp\/v2\/pages\/5882\/revisions\/5887"}],"wp:attachment":[{"href":"https:\/\/fairwaylegends.shop\/en\/wp-json\/wp\/v2\/media?parent=5882"}],"curies":[{"name":"wp","href":"https:\/\/api.w.org\/{rel}","templated":true}]}}